{"id":347,"date":"2026-04-17T12:38:23","date_gmt":"2026-04-17T12:38:23","guid":{"rendered":"https:\/\/karlsbadlove.com\/?page_id=347"},"modified":"2026-04-17T12:40:29","modified_gmt":"2026-04-17T12:40:29","slug":"mint","status":"publish","type":"page","link":"https:\/\/karlsbadlove.com\/index.php\/cs\/mint\/","title":{"rendered":"V\u00edtejte v na\u0161em apartm\u00e1nu Mint."},"content":{"rendered":"\n<p>M\u00e1m velkou radost, \u017ee v\u00e1s mohu p\u0159iv\u00edtat v Karlov\u00fdch Varech.<\/p>\n\n\n\n<p><strong>Check-in je mo\u017en\u00fd od 15:00.<\/strong><br>Pros\u00edm, dejte mi kr\u00e1tce v\u011bd\u011bt, p\u0159ibli\u017en\u011b v kolik hodin p\u0159ijedete. Proto\u017ee p\u0159es den pracuji, nech\u00e1m kl\u00ed\u010d v trezoru vedle br\u00e1ny. P\u0159\u00edstupov\u00fd k\u00f3d obdr\u017e\u00edte telefonicky p\u0159ed va\u0161\u00edm p\u0159\u00edjezdem.<\/p>\n\n\n\n<hr class=\"wp-block-separator has-alpha-channel-opacity\"\/>\n\n\n\n<h3 class=\"wp-block-heading\"><strong><strong>\ud83d\udccd Adresa a p\u0159\u00edjezd<\/strong><\/strong><\/h3>\n\n\n\n<p>Adresa: Ond\u0159\u00ed\u010dkova 22, Karlovy Vary<\/p>\n\n\n\n<figure class=\"wp-block-image size-large\"><img loading=\"lazy\" decoding=\"async\" width=\"768\" height=\"1024\" src=\"https:\/\/karlsbadlove.com\/wp-content\/uploads\/2026\/04\/IMG_4801-1-768x1024.jpeg\" alt=\"\" class=\"wp-image-256\" srcset=\"https:\/\/karlsbadlove.com\/wp-content\/uploads\/2026\/04\/IMG_4801-1-768x1024.jpeg 768w, https:\/\/karlsbadlove.com\/wp-content\/uploads\/2026\/04\/IMG_4801-1-225x300.jpeg 225w, https:\/\/karlsbadlove.com\/wp-content\/uploads\/2026\/04\/IMG_4801-1.jpeg 960w\" sizes=\"auto, (max-width: 768px) 100vw, 768px\" \/><\/figure>\n\n\n\n<div class=\"wp-block-columns is-layout-flex wp-container-core-columns-is-layout-28f84493 wp-block-columns-is-layout-flex\">\n<div class=\"wp-block-column is-layout-flow wp-block-column-is-layout-flow\">\n<figure class=\"wp-block-image size-large\"><img loading=\"lazy\" decoding=\"async\" width=\"769\" height=\"1024\" src=\"https:\/\/karlsbadlove.com\/wp-content\/uploads\/2026\/04\/IMG_6655-769x1024.jpeg\" alt=\"\" class=\"wp-image-257\" srcset=\"https:\/\/karlsbadlove.com\/wp-content\/uploads\/2026\/04\/IMG_6655-769x1024.jpeg 769w, https:\/\/karlsbadlove.com\/wp-content\/uploads\/2026\/04\/IMG_6655-225x300.jpeg 225w, https:\/\/karlsbadlove.com\/wp-content\/uploads\/2026\/04\/IMG_6655-768x1023.jpeg 768w, https:\/\/karlsbadlove.com\/wp-content\/uploads\/2026\/04\/IMG_6655.jpeg 960w\" sizes=\"auto, (max-width: 769px) 100vw, 769px\" \/><\/figure>\n<\/div>\n\n\n\n<div class=\"wp-block-column is-layout-flow wp-block-column-is-layout-flow\">\n<figure class=\"wp-block-image size-large\"><img loading=\"lazy\" decoding=\"async\" width=\"768\" height=\"1024\" src=\"https:\/\/karlsbadlove.com\/wp-content\/uploads\/2026\/04\/IMG_4805-768x1024.jpeg\" alt=\"\" class=\"wp-image-258\" srcset=\"https:\/\/karlsbadlove.com\/wp-content\/uploads\/2026\/04\/IMG_4805-768x1024.jpeg 768w, https:\/\/karlsbadlove.com\/wp-content\/uploads\/2026\/04\/IMG_4805-225x300.jpeg 225w, https:\/\/karlsbadlove.com\/wp-content\/uploads\/2026\/04\/IMG_4805.jpeg 960w\" sizes=\"auto, (max-width: 768px) 100vw, 768px\" \/><\/figure>\n<\/div>\n<\/div>\n\n\n\n<h3 class=\"wp-block-heading\">\u23f0 <strong>Check-in a l\u00e1ze\u0148sk\u00fd poplatek<\/strong><\/h3>\n\n\n\n<p>Pro v\u00e1\u0161 pobyt pot\u0159ebuji doklady toto\u017enosti v\u0161ech spolucestuj\u00edc\u00edch, v\u010detn\u011b d\u011bt\u00ed.<br>Pros\u00edm, po\u0161lete mi kopie <mark style=\"background-color:rgba(0, 0, 0, 0);color:#f60505\" class=\"has-inline-color\"><strong>obou stran doklad\u016f<\/strong><\/mark> nejpozd\u011bji do p\u0159\u00edjezdu p\u0159es <strong>WhatsApp na \u010d\u00edslo +420 722 930 592.<\/strong><br>Kopie doklad\u016f budou samoz\u0159ejm\u011b ihned po povinn\u00e9 registraci smaz\u00e1ny.<\/p>\n\n\n\n<p>L\u00e1ze\u0148sk\u00fd poplatek \u010din\u00ed 50 K\u010d, p\u0159\u00edpadn\u011b 2 EUR, za osobu a noc a je splatn\u00fd v hotovosti p\u0159i check-outu.<\/p>\n\n\n\n<p>L\u00e1ze\u0148sk\u00fd poplatek nen\u00ed zahrnut v cen\u011b na Booking.com.<\/p>\n\n\n\n<div class=\"wp-block-columns is-layout-flex wp-container-core-columns-is-layout-28f84493 wp-block-columns-is-layout-flex\">\n<div class=\"wp-block-column is-layout-flow wp-block-column-is-layout-flow\">\n<h3 class=\"wp-block-heading\">\ud83d\ude97 <strong>Parkov\u00e1n\u00ed<\/strong><\/h3>\n\n\n\n<p>Bezplatn\u00e9 parkov\u00e1n\u00ed je mo\u017en\u00e9 p\u0159\u00edmo v ulici p\u0159ed domem (nebo v ulici nad domem).<br>Pros\u00edm, dbejte na to, abyste <strong>neblokovali vjezdy do gar\u00e1\u017e\u00ed.<\/strong><\/p>\n\n\n\n<h3 class=\"wp-block-heading\">\ud83d\udcf6\u00a0 <strong>\ud83d\udcf6 Wi-Fi, TV a streaming<\/strong><\/h3>\n\n\n\n<p><strong>Netflix:<\/strong> Salgado2025!<\/p>\n\n\n\n<p><strong>WLAN:<\/strong> Bomerova_ccinternet<br><strong>Passwort:<\/strong> Salgado2030<\/p>\n\n\n\n<p><strong>TV:<\/strong> Sledov\u00e1n\u00ed TV<br>(n\u011bmeck\u00e9 a \u010desk\u00e9 programy)<\/p>\n\n\n\n<h3 class=\"wp-block-heading\">\ud83d\uded2 <strong>Nakupov\u00e1n\u00ed<\/strong><\/h3>\n\n\n\n<p>Lidl je vzd\u00e1len p\u0159ibli\u017en\u011b 5 minut ch\u016fze.<\/p>\n\n\n\n<p>\ud83d\udd56 Po\u2013So: 7:00\u201322:00<br>\ud83d\udd56 Ne: od 8:00<\/p>\n<\/div>\n\n\n\n<div class=\"wp-block-column is-layout-flow wp-block-column-is-layout-flow\">\n<h3 class=\"wp-block-heading\">\ud83c\udf19 <strong><strong>No\u010dn\u00ed klid<\/strong><\/strong><\/h3>\n\n\n\n<p>Pros\u00edm, dodr\u017eujte <strong>no\u010dn\u00ed klid<\/strong> od <strong>22:00 do 8:00.<\/strong><br>Apartm\u00e1n se nach\u00e1z\u00ed v <strong>klidn\u00e9 obytn\u00e9 \u010dtvrti.<\/strong><\/p>\n\n\n\n<h3 class=\"wp-block-heading\">\u23f0 <strong>Check-out<\/strong><\/h3>\n\n\n\n<p>Check-out je <strong>do 10:00<\/strong>.<br>Pros\u00edm, zanechte apartm\u00e1n v uklizen\u00e9m stavu, tak jak jste ho na\u0161li p\u0159i p\u0159\u00edjezdu. T\u00edm se vyhnete p\u0159\u00edpadn\u00fdm <strong>dodate\u010dn\u00fdm n\u00e1klad\u016fm <\/strong>na \u00faklid.<\/p>\n\n\n\n<h3 class=\"wp-block-heading\">\ud83d\uddd1\ufe0f\u00a0<strong>Likvidace odpadu<\/strong><\/h3>\n\n\n\n<p>Na\u0161e popelnice se nach\u00e1z\u00ed dole u domu, p\u0159\u00edmo vedle br\u00e1ny na adrese Ond\u0159\u00ed\u010dkova 22.<\/p>\n<\/div>\n<\/div>\n\n\n\n<h3 class=\"wp-block-heading\"><strong><strong>N\u00e1\u0161 schr\u00e1nkov\u00fd trezor na kl\u00ed\u010de<\/strong><\/strong><\/h3>\n\n\n\n<div class=\"wp-block-columns is-layout-flex wp-container-core-columns-is-layout-28f84493 wp-block-columns-is-layout-flex\">\n<div class=\"wp-block-column is-layout-flow wp-block-column-is-layout-flow\">\n<figure class=\"wp-block-image size-large\"><img loading=\"lazy\" decoding=\"async\" width=\"768\" height=\"1024\" src=\"https:\/\/karlsbadlove.com\/wp-content\/uploads\/2026\/04\/WhatsApp-Image-2026-04-16-at-16.54.51-1-768x1024.jpeg\" alt=\"\" class=\"wp-image-245\" srcset=\"https:\/\/karlsbadlove.com\/wp-content\/uploads\/2026\/04\/WhatsApp-Image-2026-04-16-at-16.54.51-1-768x1024.jpeg 768w, https:\/\/karlsbadlove.com\/wp-content\/uploads\/2026\/04\/WhatsApp-Image-2026-04-16-at-16.54.51-1-225x300.jpeg 225w, https:\/\/karlsbadlove.com\/wp-content\/uploads\/2026\/04\/WhatsApp-Image-2026-04-16-at-16.54.51-1-1152x1536.jpeg 1152w, https:\/\/karlsbadlove.com\/wp-content\/uploads\/2026\/04\/WhatsApp-Image-2026-04-16-at-16.54.51-1.jpeg 1200w\" sizes=\"auto, (max-width: 768px) 100vw, 768px\" \/><\/figure>\n<\/div>\n\n\n\n<div class=\"wp-block-column is-layout-flow wp-block-column-is-layout-flow\">\n<p>Kl\u00ed\u010d se nach\u00e1z\u00ed v trezoru vedle br\u00e1ny. K\u00f3d obdr\u017e\u00edte p\u0159ed va\u0161\u00edm p\u0159\u00edjezdem.<br>Pros\u00edm, nastavte <strong>v\u0161echna \u010dty\u0159i \u010d\u00edsla naprosto p\u0159esn\u011b na b\u00edlou \u010d\u00e1ru uprost\u0159ed<\/strong>.<br>Ne skoro spr\u00e1vn\u011b, ale p\u0159esn\u011b doprost\u0159ed na \u010d\u00e1ru.<br>Pokud <strong>bude by\u0165 jen jedno \u010d\u00edslo trochu nad nebo pod \u010d\u00e1rou, trezor se neotev\u0159e.<\/strong><br>Pot\u00e9 posu\u0148te \u010dern\u00fd jezdec vlevo, aby se trezor otev\u0159el.<\/p>\n\n\n\n<p><\/p>\n<\/div>\n<\/div>\n\n\n\n<h3 class=\"wp-block-heading\"><strong>M\u00e1te je\u0161t\u011b n\u011bjak\u00e9 ot\u00e1zky<\/strong>?<strong> \ud83d\ude09<\/strong><\/h3>\n\n\n\n<p>R\u00e1da v\u00e1m pomohu, pokud budete m\u00edt jak\u00e9koli dotazy.<\/p>\n\n\n\n<p>P\u0159eji v\u00e1m p\u0159\u00edjemnou cestu a t\u011b\u0161\u00edm se na osobn\u00ed setk\u00e1n\u00ed.<\/p>\n\n\n\n<p>S pozdravem<\/p>\n\n\n\n<p><br><strong>Jana<\/strong><\/p>\n","protected":false},"excerpt":{"rendered":"<p>M\u00e1m velkou radost, \u017ee v\u00e1s mohu p\u0159iv\u00edtat v Karlov\u00fdch Varech. Check-in je mo\u017en\u00fd od 15:00.Pros\u00edm, dejte mi kr\u00e1tce v\u011bd\u011bt, p\u0159ibli\u017en\u011b v kolik hodin p\u0159ijedete. Proto\u017ee p\u0159es den pracuji, nech\u00e1m kl\u00ed\u010d v trezoru vedle br\u00e1ny. P\u0159\u00edstupov\u00fd k\u00f3d obdr\u017e\u00edte telefonicky p\u0159ed va\u0161\u00edm p\u0159\u00edjezdem. \ud83d\udccd Adresa a p\u0159\u00edjezd Adresa: Ond\u0159\u00ed\u010dkova 22, Karlovy Vary \u23f0 Check-in a l\u00e1ze\u0148sk\u00fd poplatek [&hellip;]<\/p>\n","protected":false},"author":1,"featured_media":0,"parent":0,"menu_order":0,"comment_status":"closed","ping_status":"closed","template":"","meta":{"footnotes":""},"class_list":["post-347","page","type-page","status-publish","hentry"],"_links":{"self":[{"href":"https:\/\/karlsbadlove.com\/index.php\/wp-json\/wp\/v2\/pages\/347","targetHints":{"allow":["GET"]}}],"collection":[{"href":"https:\/\/karlsbadlove.com\/index.php\/wp-json\/wp\/v2\/pages"}],"about":[{"href":"https:\/\/karlsbadlove.com\/index.php\/wp-json\/wp\/v2\/types\/page"}],"author":[{"embeddable":true,"href":"https:\/\/karlsbadlove.com\/index.php\/wp-json\/wp\/v2\/users\/1"}],"replies":[{"embeddable":true,"href":"https:\/\/karlsbadlove.com\/index.php\/wp-json\/wp\/v2\/comments?post=347"}],"version-history":[{"count":3,"href":"https:\/\/karlsbadlove.com\/index.php\/wp-json\/wp\/v2\/pages\/347\/revisions"}],"predecessor-version":[{"id":354,"href":"https:\/\/karlsbadlove.com\/index.php\/wp-json\/wp\/v2\/pages\/347\/revisions\/354"}],"wp:attachment":[{"href":"https:\/\/karlsbadlove.com\/index.php\/wp-json\/wp\/v2\/media?parent=347"}],"curies":[{"name":"wp","href":"https:\/\/api.w.org\/{rel}","templated":true}]}}