{"id":51,"date":"2026-03-30T17:53:12","date_gmt":"2026-03-30T17:53:12","guid":{"rendered":"https:\/\/karlsbadlove.com\/?page_id=51"},"modified":"2026-04-16T21:06:49","modified_gmt":"2026-04-16T21:06:49","slug":"startseite","status":"publish","type":"page","link":"https:\/\/karlsbadlove.com\/","title":{"rendered":"Zwei stilvolle Apartments in Karlovy Vary"},"content":{"rendered":"\n<p>Ruhig gelegen, pers\u00f6nlich betreut und nur wenige Gehminuten vom Zentrum entfernt. Wir begr\u00fc\u00dfen Euch in Deutsch, Englisch oder Tschechisch.<\/p>\n\n\n\n<div class=\"wp-block-buttons is-layout-flex wp-block-buttons-is-layout-flex\">\n<div class=\"wp-block-button\"><a class=\"wp-block-button__link wp-element-button\" href=\"https:\/\/karlsbadlove.com\/index.php\/maisonette-apartment-2\/\">Maisonette Apartment<\/a><\/div>\n\n\n\n<div class=\"wp-block-button\"><a class=\"wp-block-button__link wp-element-button\" href=\"https:\/\/karlsbadlove.com\/index.php\/mint-apartment\/\">Mint Apartment<\/a><\/div>\n<\/div>\n\n\n\n<figure class=\"wp-block-image size-full\"><img loading=\"lazy\" decoding=\"async\" width=\"1280\" height=\"961\" src=\"https:\/\/karlsbadlove.com\/wp-content\/uploads\/2026\/03\/IMG_3273.jpeg\" alt=\"\" class=\"wp-image-34\" srcset=\"https:\/\/karlsbadlove.com\/wp-content\/uploads\/2026\/03\/IMG_3273.jpeg 1280w, https:\/\/karlsbadlove.com\/wp-content\/uploads\/2026\/03\/IMG_3273-300x225.jpeg 300w, https:\/\/karlsbadlove.com\/wp-content\/uploads\/2026\/03\/IMG_3273-1024x769.jpeg 1024w, https:\/\/karlsbadlove.com\/wp-content\/uploads\/2026\/03\/IMG_3273-768x577.jpeg 768w\" sizes=\"auto, (max-width: 1280px) 100vw, 1280px\" \/><\/figure>\n\n\n\n<h2 class=\"wp-block-heading\">Unsere Apartments<\/h2>\n\n\n\n<p>W\u00e4hlen Sie zwischen einem gro\u00dfz\u00fcgigen Maisonette-Apartment mit Garten und einem charmanten Mint-Apartment mit privatem Vorgarten.<\/p>\n\n\n\n<ul class=\"wp-block-list\">\n<li><strong>Maisonette Apartment \u2013 ca. 120 m\u00b2, f\u00fcr bis zu 5 Personen, mit Gartenbereich<\/strong><br><strong>Preis pro Nacht ab 95 EUR<\/strong><\/li>\n\n\n\n<li>M<strong>int Apartment \u2013 ca. 60 m\u00b2, f\u00fcr bis zu 3 Personen, mit privatem Au\u00dfenbereich<\/strong><br><strong>Preis pro Nacht ab 60 EUR<\/strong><\/li>\n<\/ul>\n\n\n\n<h2 class=\"wp-block-heading\">Ruhige Lage in Karlovy Vary<\/h2>\n\n\n\n<p>Die Apartments liegen in einem ruhigen Villenviertel und das Zentrum ist in etwa zehn Gehminuten erreichbar. So verbinden sie Erholung und Stadtn\u00e4he auf angenehme Weise.<\/p>\n\n\n\n<div class=\"wp-block-buttons is-layout-flex wp-block-buttons-is-layout-flex\">\n<div class=\"wp-block-button\"><a class=\"wp-block-button__link wp-element-button\" href=\"https:\/\/www.booking.com\/hotel\/cz\/maisonette-apartment-with-garden.de.html?aid=2369661&amp;label=msn-O6ZexihV5MmA1eYPOS0YkA-80814291883203%3Atikwd-80814466520046%3Aloc-72%3Aneo%3Amte%3Alp129209%3Adec%3Acid518940847%3Aagid1293026973864638&amp;sid=d01092749fa99c30616fd4d914faaf64&amp;dest_id=13399948&amp;dest_type=hotel&amp;dist=0&amp;group_adults=2&amp;group_children=0&amp;hapos=1&amp;hpos=1&amp;no_rooms=1&amp;req_adults=2&amp;req_children=0&amp;room1=A%2CA&amp;sb_price_type=total&amp;sr_order=popularity&amp;srepoch=1776253608&amp;srpvid=c84b52cd98fd1896&amp;type=total&amp;ucfs=1&amp;\" target=\"_blank\" rel=\"noreferrer noopener\">Maisonette buchen<\/a><\/div>\n\n\n\n<div class=\"wp-block-button\"><a class=\"wp-block-button__link wp-element-button\" href=\"https:\/\/www.booking.com\/hotel\/cz\/mint-apartment.de.html?aid=2369661&amp;label=msn-O6ZexihV5MmA1eYPOS0YkA-80814291883203%3Atikwd-80814466520046%3Aloc-72%3Aneo%3Amte%3Alp129209%3Adec%3Acid518940847%3Aagid1293026973864638&amp;sid=d01092749fa99c30616fd4d914faaf64&amp;dest_id=14218694&amp;dest_type=hotel&amp;dist=0&amp;group_adults=2&amp;group_children=0&amp;hapos=1&amp;hpos=1&amp;no_rooms=1&amp;req_adults=2&amp;req_children=0&amp;room1=A%2CA&amp;sb_price_type=total&amp;sr_order=popularity&amp;srepoch=1776253837&amp;srpvid=b7055343ed500819&amp;type=total&amp;ucfs=1&amp;\" target=\"_blank\" rel=\"noreferrer noopener\">Mint buchen <\/a><\/div>\n<\/div>\n\n\n\n<p><\/p>\n","protected":false},"excerpt":{"rendered":"<p>Ruhig gelegen, pers\u00f6nlich betreut und nur wenige Gehminuten vom Zentrum entfernt. Wir begr\u00fc\u00dfen Euch in Deutsch, Englisch oder Tschechisch. Unsere Apartments W\u00e4hlen Sie zwischen einem gro\u00dfz\u00fcgigen Maisonette-Apartment mit Garten und einem charmanten Mint-Apartment mit privatem Vorgarten. Ruhige Lage in Karlovy Vary Die Apartments liegen in einem ruhigen Villenviertel und das Zentrum ist in etwa zehn [&hellip;]<\/p>\n","protected":false},"author":1,"featured_media":0,"parent":0,"menu_order":0,"comment_status":"closed","ping_status":"closed","template":"","meta":{"footnotes":""},"class_list":["post-51","page","type-page","status-publish","hentry"],"_links":{"self":[{"href":"https:\/\/karlsbadlove.com\/index.php\/wp-json\/wp\/v2\/pages\/51","targetHints":{"allow":["GET"]}}],"collection":[{"href":"https:\/\/karlsbadlove.com\/index.php\/wp-json\/wp\/v2\/pages"}],"about":[{"href":"https:\/\/karlsbadlove.com\/index.php\/wp-json\/wp\/v2\/types\/page"}],"author":[{"embeddable":true,"href":"https:\/\/karlsbadlove.com\/index.php\/wp-json\/wp\/v2\/users\/1"}],"replies":[{"embeddable":true,"href":"https:\/\/karlsbadlove.com\/index.php\/wp-json\/wp\/v2\/comments?post=51"}],"version-history":[{"count":41,"href":"https:\/\/karlsbadlove.com\/index.php\/wp-json\/wp\/v2\/pages\/51\/revisions"}],"predecessor-version":[{"id":279,"href":"https:\/\/karlsbadlove.com\/index.php\/wp-json\/wp\/v2\/pages\/51\/revisions\/279"}],"wp:attachment":[{"href":"https:\/\/karlsbadlove.com\/index.php\/wp-json\/wp\/v2\/media?parent=51"}],"curies":[{"name":"wp","href":"https:\/\/api.w.org\/{rel}","templated":true}]}}